{"id":360,"date":"2025-04-21T13:57:53","date_gmt":"2025-04-21T10:57:53","guid":{"rendered":"https:\/\/www.istanbulhairline.com\/fr\/?page_id=360"},"modified":"2026-03-02T16:49:37","modified_gmt":"2026-03-02T13:49:37","slug":"hair-transplantation","status":"publish","type":"page","link":"https:\/\/www.istanbulhairline.com\/en\/hair-transplantation\/","title":{"rendered":"Hair Transplantation"},"content":{"rendered":"\t\t<div data-elementor-type=\"wp-page\" data-elementor-id=\"360\" class=\"elementor elementor-360\" data-elementor-post-type=\"page\">\n\t\t\t\t<div class=\"elementor-element elementor-element-22368e1a e-flex e-con-boxed e-con e-parent\" data-id=\"22368e1a\" data-element_type=\"container\">\n\t\t\t\t\t<div class=\"e-con-inner\">\n\t\t\t\t<div class=\"elementor-element elementor-element-792a8d46 elementor-widget elementor-widget-heading\" data-id=\"792a8d46\" data-element_type=\"widget\" data-widget_type=\"heading.default\">\n\t\t\t\t<div class=\"elementor-widget-container\">\n\t\t\t\t\t<h3 class=\"elementor-heading-title elementor-size-default\">Personalized Hair Transplant Planning<\/h3>\t\t\t\t<\/div>\n\t\t\t\t<\/div>\n\t\t\t\t<div class=\"elementor-element elementor-element-3cc1205b elementor-widget elementor-widget-text-editor\" data-id=\"3cc1205b\" data-element_type=\"widget\" data-widget_type=\"text-editor.default\">\n\t\t\t\t<div class=\"elementor-widget-container\">\n\t\t\t\t\t\t\t\t\t<p>Get a free hair analysis and let us create the most suitable hair transplant plan for you.<\/p>\t\t\t\t\t\t\t\t<\/div>\n\t\t\t\t<\/div>\n\t\t\t\t<div class=\"elementor-element elementor-element-5ca889df elementor-align-center elementor-mobile-align-center elementor-widget elementor-widget-button\" data-id=\"5ca889df\" data-element_type=\"widget\" data-widget_type=\"button.default\">\n\t\t\t\t<div class=\"elementor-widget-container\">\n\t\t\t\t\t\t\t\t\t<div class=\"elementor-button-wrapper\">\n\t\t\t\t\t<a class=\"elementor-button elementor-button-link elementor-size-sm\" href=\"https:\/\/www.istanbulhairline.com\/en\/hair-transplant-analysis\">\n\t\t\t\t\t\t<span class=\"elementor-button-content-wrapper\">\n\t\t\t\t\t\t\t\t\t<span class=\"elementor-button-text\">Free Hair Analysis<\/span>\n\t\t\t\t\t<\/span>\n\t\t\t\t\t<\/a>\n\t\t\t\t<\/div>\n\t\t\t\t\t\t\t\t<\/div>\n\t\t\t\t<\/div>\n\t\t\t\t\t<\/div>\n\t\t\t\t<\/div>\n\t\t<div class=\"elementor-element elementor-element-6d86d562 e-flex e-con-boxed e-con e-parent\" data-id=\"6d86d562\" data-element_type=\"container\" data-settings=\"{&quot;background_background&quot;:&quot;classic&quot;}\">\n\t\t\t\t\t<div class=\"e-con-inner\">\n\t\t<div class=\"elementor-element elementor-element-1fc9e7a e-con-full e-flex e-con e-child\" data-id=\"1fc9e7a\" data-element_type=\"container\">\n\t\t\t\t<div class=\"elementor-element elementor-element-4e5b610 elementor-widget elementor-widget-heading\" data-id=\"4e5b610\" data-element_type=\"widget\" data-widget_type=\"heading.default\">\n\t\t\t\t<div class=\"elementor-widget-container\">\n\t\t\t\t\t<h1 class=\"elementor-heading-title elementor-size-default\">Am I suitable for Hair Transplantation?<\/h1>\t\t\t\t<\/div>\n\t\t\t\t<\/div>\n\t\t\t\t<div class=\"elementor-element elementor-element-5b63e7f6 elementor-widget elementor-widget-text-editor\" data-id=\"5b63e7f6\" data-element_type=\"widget\" data-widget_type=\"text-editor.default\">\n\t\t\t\t<div class=\"elementor-widget-container\">\n\t\t\t\t\t\t\t\t\t<p>Get Your New Hair with Our Hair Transplantation Expert Doctors! We offer the latest techniques for hair transplantation. Contact us for a free analysis!<\/p>\t\t\t\t\t\t\t\t<\/div>\n\t\t\t\t<\/div>\n\t\t\t\t<div class=\"elementor-element elementor-element-3304d5c2 elementor-mobile-align-center elementor-widget elementor-widget-button\" data-id=\"3304d5c2\" data-element_type=\"widget\" data-widget_type=\"button.default\">\n\t\t\t\t<div class=\"elementor-widget-container\">\n\t\t\t\t\t\t\t\t\t<div class=\"elementor-button-wrapper\">\n\t\t\t\t\t<a class=\"elementor-button elementor-button-link elementor-size-sm\" href=\"https:\/\/www.istanbulhairline.com\/en\/hair-transplant-analysis\">\n\t\t\t\t\t\t<span class=\"elementor-button-content-wrapper\">\n\t\t\t\t\t\t\t\t\t<span class=\"elementor-button-text\">Free Hair Analysis<\/span>\n\t\t\t\t\t<\/span>\n\t\t\t\t\t<\/a>\n\t\t\t\t<\/div>\n\t\t\t\t\t\t\t\t<\/div>\n\t\t\t\t<\/div>\n\t\t\t\t<\/div>\n\t\t<div class=\"elementor-element elementor-element-32750ea2 e-con-full e-flex e-con e-child\" data-id=\"32750ea2\" data-element_type=\"container\">\n\t\t\t\t<div class=\"elementor-element elementor-element-3621ddb elementor-widget elementor-widget-image\" data-id=\"3621ddb\" data-element_type=\"widget\" data-widget_type=\"image.default\">\n\t\t\t\t<div class=\"elementor-widget-container\">\n\t\t\t\t\t\t\t\t\t\t\t\t\t\t\t<img fetchpriority=\"high\" decoding=\"async\" width=\"559\" height=\"1024\" src=\"https:\/\/www.istanbulhairline.com\/en\/wp-content\/uploads\/2025\/04\/kadinlar-icin-sac-ekimi-1-559x1024.png\" class=\"attachment-large size-large wp-image-514\" alt=\"\" srcset=\"https:\/\/www.istanbulhairline.com\/en\/wp-content\/uploads\/2025\/04\/kadinlar-icin-sac-ekimi-1-559x1024.png 559w, https:\/\/www.istanbulhairline.com\/en\/wp-content\/uploads\/2025\/04\/kadinlar-icin-sac-ekimi-1-164x300.png 164w, https:\/\/www.istanbulhairline.com\/en\/wp-content\/uploads\/2025\/04\/kadinlar-icin-sac-ekimi-1.png 768w\" sizes=\"(max-width: 559px) 100vw, 559px\" \/>\t\t\t\t\t\t\t\t\t\t\t\t\t\t\t<\/div>\n\t\t\t\t<\/div>\n\t\t\t\t<\/div>\n\t\t\t\t\t<\/div>\n\t\t\t\t<\/div>\n\t\t<div class=\"elementor-element elementor-element-717e0846 e-flex e-con-boxed e-con e-parent\" data-id=\"717e0846\" data-element_type=\"container\">\n\t\t\t\t\t<div class=\"e-con-inner\">\n\t\t\t\t<div class=\"elementor-element elementor-element-100fa7e6 elementor-widget elementor-widget-heading\" data-id=\"100fa7e6\" data-element_type=\"widget\" data-widget_type=\"heading.default\">\n\t\t\t\t<div class=\"elementor-widget-container\">\n\t\t\t\t\t<h2 class=\"elementor-heading-title elementor-size-default\">All Details for Those Considering Hair Transplantation<\/h2>\t\t\t\t<\/div>\n\t\t\t\t<\/div>\n\t\t\t\t<div class=\"elementor-element elementor-element-28223c3 elementor-widget elementor-widget-text-editor\" data-id=\"28223c3\" data-element_type=\"widget\" data-widget_type=\"text-editor.default\">\n\t\t\t\t<div class=\"elementor-widget-container\">\n\t\t\t\t\t\t\t\t\t<p class=\"\" data-start=\"122\" data-end=\"557\"><strong data-start=\"122\" data-end=\"179\">What is Hair Transplantation? Who Is It Suitable For?<\/strong><br data-start=\"179\" data-end=\"182\" \/>Hair transplantation is a permanent solution for hair loss caused by genetic factors, hormonal imbalances, stress, or environmental influences. In this procedure, a person&#8217;s own healthy hair follicles are transplanted into areas where hair loss has occurred. Grafts (hair follicles), usually taken from the nape area, are implanted into sparse areas using special techniques.<\/p><p class=\"\" data-start=\"559\" data-end=\"606\"><strong data-start=\"559\" data-end=\"604\">Who is hair transplantation suitable for?<\/strong><\/p><ul data-start=\"607\" data-end=\"794\"><li class=\"\" data-start=\"607\" data-end=\"645\"><p class=\"\" data-start=\"609\" data-end=\"645\">Men experiencing genetic hair loss<\/p><\/li><li class=\"\" data-start=\"646\" data-end=\"684\"><p class=\"\" data-start=\"648\" data-end=\"684\">Women with localized hair thinning<\/p><\/li><li class=\"\" data-start=\"685\" data-end=\"752\"><p class=\"\" data-start=\"687\" data-end=\"752\">Individuals who have lost hair due to trauma, burns, or surgery<\/p><\/li><li class=\"\" data-start=\"753\" data-end=\"794\"><p class=\"\" data-start=\"755\" data-end=\"794\">People whose hair loss has stabilized<\/p><\/li><\/ul><hr class=\"\" data-start=\"796\" data-end=\"799\" \/><p class=\"\" data-start=\"801\" data-end=\"1170\"><strong data-start=\"801\" data-end=\"836\">History of Hair Transplantation<\/strong><br data-start=\"836\" data-end=\"839\" \/>Hair transplantation was first performed by Japanese dermatologists in the 1930s. In the 1950s, Dr. Norman Orentreich introduced hair transplantation to the medical literature with a more modern approach. With the development of FUE and FUT techniques in the 1990s, hair transplantation became more comfortable and natural-looking.<\/p><p class=\"\" data-start=\"1172\" data-end=\"1345\">Today, with advanced technologies like DHI (Direct Hair Implantation), Sapphire FUE, and robotic hair transplantation, even more successful and natural results are achieved.<\/p><hr class=\"\" data-start=\"1347\" data-end=\"1350\" \/><p class=\"\" data-start=\"1352\" data-end=\"1615\"><strong data-start=\"1352\" data-end=\"1401\">Turkey&#8217;s Leading Role in Hair Transplantation<\/strong><br data-start=\"1401\" data-end=\"1404\" \/>Turkey is one of the leading countries in the world for hair transplantation. Every year, thousands of people choose Turkey thanks to its high quality services, affordable prices, and highly experienced doctors.<\/p><p class=\"\" data-start=\"1617\" data-end=\"1659\"><strong data-start=\"1617\" data-end=\"1657\">Factors that make Turkey attractive:<\/strong><\/p><ul data-start=\"1660\" data-end=\"1921\"><li class=\"\" data-start=\"1660\" data-end=\"1695\"><p class=\"\" data-start=\"1662\" data-end=\"1695\">Expert and experienced surgeons<\/p><\/li><li class=\"\" data-start=\"1696\" data-end=\"1761\"><p class=\"\" data-start=\"1698\" data-end=\"1761\">Clinics operating according to international health standards<\/p><\/li><li class=\"\" data-start=\"1762\" data-end=\"1858\"><p class=\"\" data-start=\"1764\" data-end=\"1858\">Affordable treatment packages (including accommodation, transfers, and translation services)<\/p><\/li><li class=\"\" data-start=\"1859\" data-end=\"1921\"><p class=\"\" data-start=\"1861\" data-end=\"1921\">Advanced techniques offering natural and permanent results<\/p><\/li><\/ul><p class=\"\" data-start=\"1923\" data-end=\"2033\">Because of all these, &#8220;hair transplant tourism&#8221; has become an important part of Turkey\u2019s health export sector.<\/p><hr class=\"\" data-start=\"2035\" data-end=\"2038\" \/><p class=\"\" data-start=\"2040\" data-end=\"2086\"><strong data-start=\"2040\" data-end=\"2086\">What Are the Hair Transplantation Methods?<\/strong><\/p><p class=\"\" data-start=\"2088\" data-end=\"2246\"><strong data-start=\"2088\" data-end=\"2124\">FUE (Follicular Unit Extraction)<\/strong><br data-start=\"2124\" data-end=\"2127\" \/>Hair follicles are extracted and implanted one by one. It leaves no visible scars and is the most commonly used method.<\/p><p class=\"\" data-start=\"2248\" data-end=\"2392\"><strong data-start=\"2248\" data-end=\"2282\">DHI (Direct Hair Implantation)<\/strong><br data-start=\"2282\" data-end=\"2285\" \/>Grafts are directly implanted into the scalp using a special pen, providing a denser and more natural look.<\/p><p class=\"\" data-start=\"2394\" data-end=\"2526\"><strong data-start=\"2394\" data-end=\"2410\">Sapphire FUE<\/strong><br data-start=\"2410\" data-end=\"2413\" \/>Micro-channels are created using sapphire-tipped tools for implantation, allowing faster healing and less trauma.<\/p><p class=\"\" data-start=\"2528\" data-end=\"2684\"><strong data-start=\"2528\" data-end=\"2569\">FUT (Follicular Unit Transplantation)<\/strong><br data-start=\"2569\" data-end=\"2572\" \/>An older method where a strip of scalp is removed. It\u2019s rarely preferred today as it may leave noticeable scars.<\/p><hr class=\"\" data-start=\"2686\" data-end=\"2689\" \/><p class=\"\" data-start=\"2691\" data-end=\"2759\"><strong data-start=\"2691\" data-end=\"2759\">What Should Be Considered Before and After Hair Transplantation?<\/strong><\/p><p class=\"\" data-start=\"2761\" data-end=\"2774\"><strong data-start=\"2761\" data-end=\"2772\">Before:<\/strong><\/p><ul data-start=\"2775\" data-end=\"2917\"><li class=\"\" data-start=\"2775\" data-end=\"2804\"><p class=\"\" data-start=\"2777\" data-end=\"2804\">Avoid alcohol and smoking<\/p><\/li><li class=\"\" data-start=\"2805\" data-end=\"2867\"><p class=\"\" data-start=\"2807\" data-end=\"2867\">Stop blood-thinning medications under doctor&#8217;s supervision<\/p><\/li><li class=\"\" data-start=\"2868\" data-end=\"2917\"><p class=\"\" data-start=\"2870\" data-end=\"2917\">Avoid applying cosmetic products to the scalp<\/p><\/li><\/ul><p class=\"\" data-start=\"2919\" data-end=\"2931\"><strong data-start=\"2919\" data-end=\"2929\">After:<\/strong><\/p><ul data-start=\"2932\" data-end=\"3155\"><li class=\"\" data-start=\"2932\" data-end=\"3003\"><p class=\"\" data-start=\"2934\" data-end=\"3003\">Protect the transplanted area from any trauma for the first 10 days<\/p><\/li><li class=\"\" data-start=\"3004\" data-end=\"3065\"><p class=\"\" data-start=\"3006\" data-end=\"3065\">Use only the care shampoos provided, avoid other products<\/p><\/li><li class=\"\" data-start=\"3066\" data-end=\"3119\"><p class=\"\" data-start=\"3068\" data-end=\"3119\">Do not wear hats or beanies during the first days<\/p><\/li><li class=\"\" data-start=\"3120\" data-end=\"3155\"><p class=\"\" data-start=\"3122\" data-end=\"3155\">Avoid heavy exercise and sports<\/p><\/li><\/ul><hr class=\"\" data-start=\"3157\" data-end=\"3160\" \/><p class=\"\" data-start=\"3162\" data-end=\"3192\"><strong data-start=\"3162\" data-end=\"3192\">Frequently Asked Questions<\/strong><\/p><p class=\"\" data-start=\"3194\" data-end=\"3329\"><strong data-start=\"3194\" data-end=\"3242\">Is hair transplantation a painful procedure?<\/strong><br data-start=\"3242\" data-end=\"3245\" \/>Nope! It&#8217;s done under local anesthesia, so you won\u2019t feel pain during the procedure.<\/p><p class=\"\" data-start=\"3331\" data-end=\"3524\"><strong data-start=\"3331\" data-end=\"3371\">Will the transplanted hair fall out?<\/strong><br data-start=\"3371\" data-end=\"3374\" \/>Yes, but no worries \u2014 it\u2019s normal for transplanted hair to shed within the first few weeks. After that, permanent and natural hair will start to grow.<\/p><p class=\"\" data-start=\"3526\" data-end=\"3665\"><strong data-start=\"3526\" data-end=\"3570\">How long does hair transplantation take?<\/strong><br data-start=\"3570\" data-end=\"3573\" \/>It usually takes between 4 to 8 hours, depending on the number of grafts being transplanted.<\/p><p class=\"\" data-start=\"3667\" data-end=\"3771\"><strong data-start=\"3667\" data-end=\"3693\">Is one session enough?<\/strong><br data-start=\"3693\" data-end=\"3696\" \/>Most of the time, yes. But in some cases, a second session might be needed.<\/p><hr class=\"\" data-start=\"3773\" data-end=\"3776\" \/><p class=\"\" data-start=\"3778\" data-end=\"4203\"><strong data-start=\"3778\" data-end=\"3852\">Conclusion: A Natural and Permanent Solution with Hair Transplantation<\/strong><br data-start=\"3852\" data-end=\"3855\" \/>For those struggling with hair loss, hair transplantation offers a natural and permanent solution. Thanks to its skilled professionals and modern clinics, Turkey has become a trusted global hub in this field. If you dream of fuller, healthier, and natural-looking hair, reaching out to a specialized hair transplant center could be your first step!<\/p>\t\t\t\t\t\t\t\t<\/div>\n\t\t\t\t<\/div>\n\t\t\t\t\t<\/div>\n\t\t\t\t<\/div>\n\t\t<div class=\"elementor-element elementor-element-51ed853d e-flex e-con-boxed e-con e-parent\" data-id=\"51ed853d\" data-element_type=\"container\">\n\t\t\t\t\t<div class=\"e-con-inner\">\n\t\t<div class=\"elementor-element elementor-element-75e89de8 e-con-full e-flex e-con e-child\" data-id=\"75e89de8\" data-element_type=\"container\">\n\t\t\t\t<div class=\"elementor-element elementor-element-5b772b9d elementor-widget elementor-widget-heading\" data-id=\"5b772b9d\" data-element_type=\"widget\" data-widget_type=\"heading.default\">\n\t\t\t\t<div class=\"elementor-widget-container\">\n\t\t\t\t\t<h2 class=\"elementor-heading-title elementor-size-default\">You can take the first step for hair transplantation now. Contact us now for a free hair analysis.<\/h2>\t\t\t\t<\/div>\n\t\t\t\t<\/div>\n\t\t\t\t<\/div>\n\t\t<div class=\"elementor-element elementor-element-1e70721d e-con-full e-flex e-con e-child\" data-id=\"1e70721d\" data-element_type=\"container\">\n\t\t\t\t<div class=\"elementor-element elementor-element-295b6fbb elementor-mobile-align-center elementor-align-center elementor-widget__width-inherit elementor-widget elementor-widget-button\" data-id=\"295b6fbb\" data-element_type=\"widget\" data-widget_type=\"button.default\">\n\t\t\t\t<div class=\"elementor-widget-container\">\n\t\t\t\t\t\t\t\t\t<div class=\"elementor-button-wrapper\">\n\t\t\t\t\t<a class=\"elementor-button elementor-button-link elementor-size-sm\" href=\"https:\/\/www.istanbulhairline.com\/en\/hair-transplant-analysis\">\n\t\t\t\t\t\t<span class=\"elementor-button-content-wrapper\">\n\t\t\t\t\t\t\t\t\t<span class=\"elementor-button-text\">Free Hair Analysis<\/span>\n\t\t\t\t\t<\/span>\n\t\t\t\t\t<\/a>\n\t\t\t\t<\/div>\n\t\t\t\t\t\t\t\t<\/div>\n\t\t\t\t<\/div>\n\t\t\t\t<\/div>\n\t\t\t\t\t<\/div>\n\t\t\t\t<\/div>\n\t\t<div class=\"elementor-element elementor-element-5ce62b26 e-con-full e-flex e-con e-parent\" data-id=\"5ce62b26\" data-element_type=\"container\">\n\t\t<footer class=\"elementor-element elementor-element-40d1554a e-con-full e-flex e-con e-child\" data-id=\"40d1554a\" data-element_type=\"container\">\n\t\t<div class=\"elementor-element elementor-element-274a0bae e-con-full e-flex e-con e-child\" data-id=\"274a0bae\" data-element_type=\"container\">\n\t\t\t\t<div class=\"elementor-element elementor-element-7c68a8df elementor-widget elementor-widget-image\" data-id=\"7c68a8df\" data-element_type=\"widget\" data-widget_type=\"image.default\">\n\t\t\t\t<div class=\"elementor-widget-container\">\n\t\t\t\t\t\t\t\t\t\t\t\t\t\t\t<img decoding=\"async\" width=\"349\" height=\"59\" src=\"https:\/\/www.istanbulhairline.com\/en\/wp-content\/uploads\/2025\/04\/logo.webp\" class=\"attachment-full size-full wp-image-230\" alt=\"\" srcset=\"https:\/\/www.istanbulhairline.com\/en\/wp-content\/uploads\/2025\/04\/logo.webp 349w, https:\/\/www.istanbulhairline.com\/en\/wp-content\/uploads\/2025\/04\/logo-300x51.webp 300w\" sizes=\"(max-width: 349px) 100vw, 349px\" \/>\t\t\t\t\t\t\t\t\t\t\t\t\t\t\t<\/div>\n\t\t\t\t<\/div>\n\t\t\t\t<\/div>\n\t\t<div class=\"elementor-element elementor-element-81e1874 e-con-full e-flex e-con e-child\" data-id=\"81e1874\" data-element_type=\"container\">\n\t\t\t\t<div class=\"elementor-element elementor-element-3d541901 elementor-icon-list--layout-inline elementor-tablet-align-center elementor-align-center elementor-list-item-link-full_width elementor-widget elementor-widget-icon-list\" data-id=\"3d541901\" data-element_type=\"widget\" data-widget_type=\"icon-list.default\">\n\t\t\t\t<div class=\"elementor-widget-container\">\n\t\t\t\t\t\t\t<ul class=\"elementor-icon-list-items elementor-inline-items\">\n\t\t\t\t\t\t\t<li class=\"elementor-icon-list-item elementor-inline-item\">\n\t\t\t\t\t\t\t\t\t\t<span class=\"elementor-icon-list-text\">+90 532 390 87 67<\/span>\n\t\t\t\t\t\t\t\t\t<\/li>\n\t\t\t\t\t\t\t\t<li class=\"elementor-icon-list-item elementor-inline-item\">\n\t\t\t\t\t\t\t\t\t\t<span class=\"elementor-icon-list-text\">Mecidiyek\u00f6y Fulya, B\u00fcy\u00fckdere Cd. NO: 78-80B \u015ei\u015fli\/\u0130stanbul<\/span>\n\t\t\t\t\t\t\t\t\t<\/li>\n\t\t\t\t\t\t<\/ul>\n\t\t\t\t\t\t<\/div>\n\t\t\t\t<\/div>\n\t\t\t\t<\/div>\n\t\t<div class=\"elementor-element elementor-element-4289be43 e-con-full e-flex e-con e-child\" data-id=\"4289be43\" data-element_type=\"container\">\n\t\t\t\t<div class=\"elementor-element elementor-element-336f8d00 e-grid-align-right e-grid-align-tablet-right e-grid-align-mobile-center elementor-widget-mobile__width-inherit elementor-shape-rounded elementor-grid-0 elementor-widget elementor-widget-social-icons\" data-id=\"336f8d00\" data-element_type=\"widget\" data-widget_type=\"social-icons.default\">\n\t\t\t\t<div class=\"elementor-widget-container\">\n\t\t\t\t\t\t\t<div class=\"elementor-social-icons-wrapper elementor-grid\" role=\"list\">\n\t\t\t\t\t\t\t<span class=\"elementor-grid-item\" role=\"listitem\">\n\t\t\t\t\t<a class=\"elementor-icon elementor-social-icon elementor-social-icon-facebook-f elementor-repeater-item-3f1b7ac\" target=\"_blank\">\n\t\t\t\t\t\t<span class=\"elementor-screen-only\">Facebook-f<\/span>\n\t\t\t\t\t\t<svg aria-hidden=\"true\" class=\"e-font-icon-svg e-fab-facebook-f\" viewBox=\"0 0 320 512\" xmlns=\"http:\/\/www.w3.org\/2000\/svg\"><path d=\"M279.14 288l14.22-92.66h-88.91v-60.13c0-25.35 12.42-50.06 52.24-50.06h40.42V6.26S260.43 0 225.36 0c-73.22 0-121.08 44.38-121.08 124.72v70.62H22.89V288h81.39v224h100.17V288z\"><\/path><\/svg>\t\t\t\t\t<\/a>\n\t\t\t\t<\/span>\n\t\t\t\t\t\t\t<span class=\"elementor-grid-item\" role=\"listitem\">\n\t\t\t\t\t<a class=\"elementor-icon elementor-social-icon elementor-social-icon- elementor-repeater-item-5c0ce3c\" target=\"_blank\">\n\t\t\t\t\t\t<span class=\"elementor-screen-only\"><\/span>\n\t\t\t\t\t\t\t\t\t\t\t<\/a>\n\t\t\t\t<\/span>\n\t\t\t\t\t\t\t<span class=\"elementor-grid-item\" role=\"listitem\">\n\t\t\t\t\t<a class=\"elementor-icon elementor-social-icon elementor-social-icon-twitter elementor-repeater-item-828f132\" target=\"_blank\">\n\t\t\t\t\t\t<span class=\"elementor-screen-only\">Twitter<\/span>\n\t\t\t\t\t\t<svg aria-hidden=\"true\" class=\"e-font-icon-svg e-fab-twitter\" viewBox=\"0 0 512 512\" xmlns=\"http:\/\/www.w3.org\/2000\/svg\"><path d=\"M459.37 151.716c.325 4.548.325 9.097.325 13.645 0 138.72-105.583 298.558-298.558 298.558-59.452 0-114.68-17.219-161.137-47.106 8.447.974 16.568 1.299 25.34 1.299 49.055 0 94.213-16.568 130.274-44.832-46.132-.975-84.792-31.188-98.112-72.772 6.498.974 12.995 1.624 19.818 1.624 9.421 0 18.843-1.3 27.614-3.573-48.081-9.747-84.143-51.98-84.143-102.985v-1.299c13.969 7.797 30.214 12.67 47.431 13.319-28.264-18.843-46.781-51.005-46.781-87.391 0-19.492 5.197-37.36 14.294-52.954 51.655 63.675 129.3 105.258 216.365 109.807-1.624-7.797-2.599-15.918-2.599-24.04 0-57.828 46.782-104.934 104.934-104.934 30.213 0 57.502 12.67 76.67 33.137 23.715-4.548 46.456-13.32 66.599-25.34-7.798 24.366-24.366 44.833-46.132 57.827 21.117-2.273 41.584-8.122 60.426-16.243-14.292 20.791-32.161 39.308-52.628 54.253z\"><\/path><\/svg>\t\t\t\t\t<\/a>\n\t\t\t\t<\/span>\n\t\t\t\t\t<\/div>\n\t\t\t\t\t\t<\/div>\n\t\t\t\t<\/div>\n\t\t\t\t<\/div>\n\t\t\t\t<\/footer>\n\t\t<div class=\"elementor-element elementor-element-24907d2b e-con-full e-flex e-con e-child\" data-id=\"24907d2b\" data-element_type=\"container\" data-settings=\"{&quot;background_background&quot;:&quot;classic&quot;}\">\n\t\t\t\t<div class=\"elementor-element elementor-element-385c46f6 elementor-widget elementor-widget-heading\" data-id=\"385c46f6\" data-element_type=\"widget\" data-widget_type=\"heading.default\">\n\t\t\t\t<div class=\"elementor-widget-container\">\n\t\t\t\t\t<p class=\"elementor-heading-title elementor-size-default\">\u00a9 2026 All Rights Reserved.<\/p>\t\t\t\t<\/div>\n\t\t\t\t<\/div>\n\t\t\t\t<\/div>\n\t\t\t\t<\/div>\n\t\t\t\t<\/div>\n\t\t","protected":false},"excerpt":{"rendered":"<p>Personalized Hair Transplant Planning Get a free hair analysis and let us create the most suitable hair transplant plan for you. Free Hair Analysis Am I suitable for Hair Transplantation? Get Your New Hair with Our Hair Transplantation Expert Doctors! We offer the latest techniques for hair transplantation. Contact us for a free analysis! Free [&hellip;]<\/p>\n","protected":false},"author":1,"featured_media":0,"parent":0,"menu_order":0,"comment_status":"closed","ping_status":"closed","template":"","meta":{"footnotes":""},"class_list":["post-360","page","type-page","status-publish","hentry"],"_links":{"self":[{"href":"https:\/\/www.istanbulhairline.com\/en\/wp-json\/wp\/v2\/pages\/360","targetHints":{"allow":["GET"]}}],"collection":[{"href":"https:\/\/www.istanbulhairline.com\/en\/wp-json\/wp\/v2\/pages"}],"about":[{"href":"https:\/\/www.istanbulhairline.com\/en\/wp-json\/wp\/v2\/types\/page"}],"author":[{"embeddable":true,"href":"https:\/\/www.istanbulhairline.com\/en\/wp-json\/wp\/v2\/users\/1"}],"replies":[{"embeddable":true,"href":"https:\/\/www.istanbulhairline.com\/en\/wp-json\/wp\/v2\/comments?post=360"}],"version-history":[{"count":35,"href":"https:\/\/www.istanbulhairline.com\/en\/wp-json\/wp\/v2\/pages\/360\/revisions"}],"predecessor-version":[{"id":859,"href":"https:\/\/www.istanbulhairline.com\/en\/wp-json\/wp\/v2\/pages\/360\/revisions\/859"}],"wp:attachment":[{"href":"https:\/\/www.istanbulhairline.com\/en\/wp-json\/wp\/v2\/media?parent=360"}],"curies":[{"name":"wp","href":"https:\/\/api.w.org\/{rel}","templated":true}]}}